{"id":3760,"date":"2026-01-22T08:02:34","date_gmt":"2026-01-22T07:02:34","guid":{"rendered":"https:\/\/farmacia.umh.es\/?page_id=3760"},"modified":"2026-01-22T08:29:15","modified_gmt":"2026-01-22T07:29:15","slug":"master-universitario-en-farmacocinetica-clinica-e-individualizacion-posologica","status":"publish","type":"page","link":"https:\/\/farmacia.umh.es\/en\/estudios\/master-universitario-en-farmacocinetica-clinica-e-individualizacion-posologica\/","title":{"rendered":"<span lang=\"es\">(Espa\u00f1ol) M\u00e1ster Universitario en Farmacocin\u00e9tica Cl\u00ednica e Individualizaci\u00f3n Posol\u00f3gica<\/span>"},"content":{"rendered":"<p class=\"qtranxs-available-languages-message qtranxs-available-languages-message-en\">Sorry, this entry is only available in <a href=\"https:\/\/farmacia.umh.es\/es\/wp-json\/wp\/v2\/pages\/3760\" class=\"qtranxs-available-language-link qtranxs-available-language-link-es\" title=\"Espa\u00f1ol\">European Spanish<\/a>.<\/p>","protected":false},"excerpt":{"rendered":"<p>Sorry, this entry is only available in European Spanish.<\/p>\n","protected":false},"author":159,"featured_media":0,"parent":9,"menu_order":1,"comment_status":"closed","ping_status":"closed","template":"","meta":{"ngg_post_thumbnail":0,"_links_to":"","_links_to_target":""},"_links":{"self":[{"href":"https:\/\/farmacia.umh.es\/en\/wp-json\/wp\/v2\/pages\/3760"}],"collection":[{"href":"https:\/\/farmacia.umh.es\/en\/wp-json\/wp\/v2\/pages"}],"about":[{"href":"https:\/\/farmacia.umh.es\/en\/wp-json\/wp\/v2\/types\/page"}],"author":[{"embeddable":true,"href":"https:\/\/farmacia.umh.es\/en\/wp-json\/wp\/v2\/users\/159"}],"replies":[{"embeddable":true,"href":"https:\/\/farmacia.umh.es\/en\/wp-json\/wp\/v2\/comments?post=3760"}],"version-history":[{"count":0,"href":"https:\/\/farmacia.umh.es\/en\/wp-json\/wp\/v2\/pages\/3760\/revisions"}],"up":[{"embeddable":true,"href":"https:\/\/farmacia.umh.es\/en\/wp-json\/wp\/v2\/pages\/9"}],"wp:attachment":[{"href":"https:\/\/farmacia.umh.es\/en\/wp-json\/wp\/v2\/media?parent=3760"}],"curies":[{"name":"wp","href":"https:\/\/api.w.org\/{rel}","templated":true}]}}