{"id":3799,"date":"2026-03-27T11:21:58","date_gmt":"2026-03-27T10:21:58","guid":{"rendered":"https:\/\/farmacia.umh.es\/?page_id=3799"},"modified":"2026-03-27T11:22:03","modified_gmt":"2026-03-27T10:22:03","slug":"protocolo-de-justificacion-de-ausencias-medicas-a-actividades-evaluables","status":"publish","type":"page","link":"https:\/\/farmacia.umh.es\/ca\/estudios\/grado-en-farmacia-2\/protocolo-de-justificacion-de-ausencias-medicas-a-actividades-evaluables\/","title":{"rendered":"<span lang=\"es\">(Espa\u00f1ol) PROTOCOLO DE JUSTIFICACI\u00d3N DE AUSENCIAS M\u00c9DICAS A ACTIVIDADES EVALUABLES<\/span>"},"content":{"rendered":"<p class=\"qtranxs-available-languages-message qtranxs-available-languages-message-ca\">Ho sent, per\u00f2 aquesta entrada nom\u00e9s est\u00e0 disponible en <a href=\"https:\/\/farmacia.umh.es\/es\/wp-json\/wp\/v2\/pages\/3799\" class=\"qtranxs-available-language-link qtranxs-available-language-link-es\" title=\"Espa\u00f1ol\">Espanyol Europeu<\/a>.<\/p>","protected":false},"excerpt":{"rendered":"<p>Ho sent, per\u00f2 aquesta entrada nom\u00e9s est\u00e0 disponible en Espanyol Europeu.<\/p>\n","protected":false},"author":159,"featured_media":0,"parent":78,"menu_order":20,"comment_status":"closed","ping_status":"closed","template":"","meta":{"ngg_post_thumbnail":0,"_links_to":"","_links_to_target":""},"_links":{"self":[{"href":"https:\/\/farmacia.umh.es\/ca\/wp-json\/wp\/v2\/pages\/3799"}],"collection":[{"href":"https:\/\/farmacia.umh.es\/ca\/wp-json\/wp\/v2\/pages"}],"about":[{"href":"https:\/\/farmacia.umh.es\/ca\/wp-json\/wp\/v2\/types\/page"}],"author":[{"embeddable":true,"href":"https:\/\/farmacia.umh.es\/ca\/wp-json\/wp\/v2\/users\/159"}],"replies":[{"embeddable":true,"href":"https:\/\/farmacia.umh.es\/ca\/wp-json\/wp\/v2\/comments?post=3799"}],"version-history":[{"count":0,"href":"https:\/\/farmacia.umh.es\/ca\/wp-json\/wp\/v2\/pages\/3799\/revisions"}],"up":[{"embeddable":true,"href":"https:\/\/farmacia.umh.es\/ca\/wp-json\/wp\/v2\/pages\/78"}],"wp:attachment":[{"href":"https:\/\/farmacia.umh.es\/ca\/wp-json\/wp\/v2\/media?parent=3799"}],"curies":[{"name":"wp","href":"https:\/\/api.w.org\/{rel}","templated":true}]}}