{"id":2665,"date":"2021-08-16T12:23:29","date_gmt":"2021-08-16T10:23:29","guid":{"rendered":"https:\/\/farmacia.umh.es\/?page_id=2665"},"modified":"2026-01-22T09:55:02","modified_gmt":"2026-01-22T08:55:02","slug":"titulos-propios","status":"publish","type":"page","link":"https:\/\/farmacia.umh.es\/ca\/estudios\/titulos-propios\/","title":{"rendered":"<span lang=\"es\">(Espa\u00f1ol) T\u00edtulos propios<\/span>"},"content":{"rendered":"<p class=\"qtranxs-available-languages-message qtranxs-available-languages-message-ca\">Ho sent, per\u00f2 aquesta entrada nom\u00e9s est\u00e0 disponible en <a href=\"https:\/\/farmacia.umh.es\/es\/wp-json\/wp\/v2\/pages\/2665\" class=\"qtranxs-available-language-link qtranxs-available-language-link-es\" title=\"Espa\u00f1ol\">Espanyol Europeu<\/a>.<\/p>","protected":false},"excerpt":{"rendered":"<p>Ho sent, per\u00f2 aquesta entrada nom\u00e9s est\u00e0 disponible en Espanyol Europeu.<\/p>\n","protected":false},"author":159,"featured_media":0,"parent":9,"menu_order":2,"comment_status":"closed","ping_status":"closed","template":"","meta":{"ngg_post_thumbnail":0,"_links_to":"","_links_to_target":""},"_links":{"self":[{"href":"https:\/\/farmacia.umh.es\/ca\/wp-json\/wp\/v2\/pages\/2665"}],"collection":[{"href":"https:\/\/farmacia.umh.es\/ca\/wp-json\/wp\/v2\/pages"}],"about":[{"href":"https:\/\/farmacia.umh.es\/ca\/wp-json\/wp\/v2\/types\/page"}],"author":[{"embeddable":true,"href":"https:\/\/farmacia.umh.es\/ca\/wp-json\/wp\/v2\/users\/159"}],"replies":[{"embeddable":true,"href":"https:\/\/farmacia.umh.es\/ca\/wp-json\/wp\/v2\/comments?post=2665"}],"version-history":[{"count":0,"href":"https:\/\/farmacia.umh.es\/ca\/wp-json\/wp\/v2\/pages\/2665\/revisions"}],"up":[{"embeddable":true,"href":"https:\/\/farmacia.umh.es\/ca\/wp-json\/wp\/v2\/pages\/9"}],"wp:attachment":[{"href":"https:\/\/farmacia.umh.es\/ca\/wp-json\/wp\/v2\/media?parent=2665"}],"curies":[{"name":"wp","href":"https:\/\/api.w.org\/{rel}","templated":true}]}}