{"id":2653,"date":"2021-07-23T09:21:03","date_gmt":"2021-07-23T07:21:03","guid":{"rendered":"https:\/\/farmacia.umh.es\/?page_id=2653"},"modified":"2026-01-22T07:59:16","modified_gmt":"2026-01-22T06:59:16","slug":"master","status":"publish","type":"page","link":"https:\/\/farmacia.umh.es\/ca\/estudios\/master\/","title":{"rendered":"<span lang=\"es\">(Espa\u00f1ol) M\u00e1ster Universitario en Neuropsicofarmacolog\u00eda traslacional<\/span>"},"content":{"rendered":"<p class=\"qtranxs-available-languages-message qtranxs-available-languages-message-ca\">Ho sent, per\u00f2 aquesta entrada nom\u00e9s est\u00e0 disponible en <a href=\"https:\/\/farmacia.umh.es\/es\/wp-json\/wp\/v2\/pages\/2653\" class=\"qtranxs-available-language-link qtranxs-available-language-link-es\" title=\"Espa\u00f1ol\">Espanyol Europeu<\/a>.<\/p>","protected":false},"excerpt":{"rendered":"<p>Ho sent, per\u00f2 aquesta entrada nom\u00e9s est\u00e0 disponible en Espanyol Europeu.<\/p>\n","protected":false},"author":159,"featured_media":0,"parent":9,"menu_order":0,"comment_status":"closed","ping_status":"closed","template":"","meta":{"ngg_post_thumbnail":0,"_links_to":"","_links_to_target":""},"_links":{"self":[{"href":"https:\/\/farmacia.umh.es\/ca\/wp-json\/wp\/v2\/pages\/2653"}],"collection":[{"href":"https:\/\/farmacia.umh.es\/ca\/wp-json\/wp\/v2\/pages"}],"about":[{"href":"https:\/\/farmacia.umh.es\/ca\/wp-json\/wp\/v2\/types\/page"}],"author":[{"embeddable":true,"href":"https:\/\/farmacia.umh.es\/ca\/wp-json\/wp\/v2\/users\/159"}],"replies":[{"embeddable":true,"href":"https:\/\/farmacia.umh.es\/ca\/wp-json\/wp\/v2\/comments?post=2653"}],"version-history":[{"count":0,"href":"https:\/\/farmacia.umh.es\/ca\/wp-json\/wp\/v2\/pages\/2653\/revisions"}],"up":[{"embeddable":true,"href":"https:\/\/farmacia.umh.es\/ca\/wp-json\/wp\/v2\/pages\/9"}],"wp:attachment":[{"href":"https:\/\/farmacia.umh.es\/ca\/wp-json\/wp\/v2\/media?parent=2653"}],"curies":[{"name":"wp","href":"https:\/\/api.w.org\/{rel}","templated":true}]}}