{"id":2189,"date":"2019-04-05T11:00:00","date_gmt":"2019-04-05T09:00:00","guid":{"rendered":"http:\/\/farmacia.umh.es\/?page_id=2189"},"modified":"2021-03-03T09:07:42","modified_gmt":"2021-03-03T08:07:42","slug":"consejos-de-seguridad-y-salud","status":"publish","type":"page","link":"https:\/\/farmacia.umh.es\/ca\/presentacion\/consejos-de-seguridad-y-salud\/","title":{"rendered":"<span lang=\"es\">(Espa\u00f1ol) Consejos de Seguridad y Salud<\/span>"},"content":{"rendered":"<p class=\"qtranxs-available-languages-message qtranxs-available-languages-message-ca\">Ho sent, per\u00f2 aquesta entrada nom\u00e9s est\u00e0 disponible en <a href=\"https:\/\/farmacia.umh.es\/es\/wp-json\/wp\/v2\/pages\/2189\" class=\"qtranxs-available-language-link qtranxs-available-language-link-es\" title=\"Espa\u00f1ol\">Espanyol Europeu<\/a>.<\/p>","protected":false},"excerpt":{"rendered":"<p>Ho sent, per\u00f2 aquesta entrada nom\u00e9s est\u00e0 disponible en Espanyol Europeu.<\/p>\n","protected":false},"author":1684,"featured_media":0,"parent":3,"menu_order":0,"comment_status":"closed","ping_status":"closed","template":"","meta":{"ngg_post_thumbnail":0,"_links_to":"","_links_to_target":""},"_links":{"self":[{"href":"https:\/\/farmacia.umh.es\/ca\/wp-json\/wp\/v2\/pages\/2189"}],"collection":[{"href":"https:\/\/farmacia.umh.es\/ca\/wp-json\/wp\/v2\/pages"}],"about":[{"href":"https:\/\/farmacia.umh.es\/ca\/wp-json\/wp\/v2\/types\/page"}],"author":[{"embeddable":true,"href":"https:\/\/farmacia.umh.es\/ca\/wp-json\/wp\/v2\/users\/1684"}],"replies":[{"embeddable":true,"href":"https:\/\/farmacia.umh.es\/ca\/wp-json\/wp\/v2\/comments?post=2189"}],"version-history":[{"count":0,"href":"https:\/\/farmacia.umh.es\/ca\/wp-json\/wp\/v2\/pages\/2189\/revisions"}],"up":[{"embeddable":true,"href":"https:\/\/farmacia.umh.es\/ca\/wp-json\/wp\/v2\/pages\/3"}],"wp:attachment":[{"href":"https:\/\/farmacia.umh.es\/ca\/wp-json\/wp\/v2\/media?parent=2189"}],"curies":[{"name":"wp","href":"https:\/\/api.w.org\/{rel}","templated":true}]}}